{"id":258,"date":"2020-11-20T15:34:31","date_gmt":"2020-11-20T15:34:31","guid":{"rendered":"https:\/\/beatrizcubero.es\/?page_id=258"},"modified":"2023-02-08T12:23:49","modified_gmt":"2023-02-08T12:23:49","slug":"curriculum","status":"publish","type":"page","link":"https:\/\/beatrizcubero.es\/en\/curriculum\/","title":{"rendered":"Curriculum"},"content":{"rendered":"<div data-elementor-type=\"wp-page\" data-elementor-id=\"258\" class=\"elementor elementor-258\">\n\t\t\t\t\t\t<div class=\"elementor-inner\">\n\t\t\t\t<div class=\"elementor-section-wrap\">\n\t\t\t\t\t\t\t\t\t<section class=\"elementor-section elementor-top-section elementor-element elementor-element-d2b9569 elementor-section-boxed elementor-section-height-default elementor-section-height-default\" data-id=\"d2b9569\" data-element_type=\"section\">\n\t\t\t\t\t\t<div class=\"elementor-container elementor-column-gap-default\">\n\t\t\t\t\t\t\t<div class=\"elementor-row\">\n\t\t\t\t\t<div class=\"elementor-column elementor-col-50 elementor-top-column elementor-element elementor-element-cf0e6d1\" data-id=\"cf0e6d1\" data-element_type=\"column\">\n\t\t\t<div class=\"elementor-column-wrap elementor-element-populated\">\n\t\t\t\t\t\t\t<div class=\"elementor-widget-wrap\">\n\t\t\t\t\t\t<div class=\"elementor-element elementor-element-f2d3bde elementor-widget elementor-widget-heading\" data-id=\"f2d3bde\" data-element_type=\"widget\" data-widget_type=\"heading.default\">\n\t\t\t\t<div class=\"elementor-widget-container\">\n\t\t\t<h2 class=\"elementor-heading-title elementor-size-default\"><a href=\"https:\/\/beatrizcubero.es\/en\/\">BEATRIZ <br>CUBERO<\/a><\/h2>\t\t<\/div>\n\t\t\t\t<\/div>\n\t\t\t\t\t\t<\/div>\n\t\t\t\t\t<\/div>\n\t\t<\/div>\n\t\t\t\t<div class=\"elementor-column elementor-col-50 elementor-top-column elementor-element elementor-element-dfaa49b\" data-id=\"dfaa49b\" data-element_type=\"column\">\n\t\t\t<div class=\"elementor-column-wrap elementor-element-populated\">\n\t\t\t\t\t\t\t<div class=\"elementor-widget-wrap\">\n\t\t\t\t\t\t<div class=\"elementor-element elementor-element-468564b elementor-widget elementor-widget-heading\" data-id=\"468564b\" data-element_type=\"widget\" data-widget_type=\"heading.default\">\n\t\t\t\t<div class=\"elementor-widget-container\">\n\t\t\t<h2 class=\"elementor-heading-title elementor-size-default\"><a href=\"#elementor-action%3Aaction%3Dpopup%3Aopen%26settings%3DeyJpZCI6IjIxNSIsInRvZ2dsZSI6ZmFsc2V9\">MENU<\/a><\/h2>\t\t<\/div>\n\t\t\t\t<\/div>\n\t\t\t\t\t\t<\/div>\n\t\t\t\t\t<\/div>\n\t\t<\/div>\n\t\t\t\t\t\t\t\t<\/div>\n\t\t\t\t\t<\/div>\n\t\t<\/section>\n\t\t\t\t<section class=\"elementor-section elementor-top-section elementor-element elementor-element-d192195 elementor-section-height-min-height elementor-section-boxed elementor-section-height-default elementor-section-items-middle\" data-id=\"d192195\" data-element_type=\"section\" data-settings=\"{&quot;background_background&quot;:&quot;classic&quot;}\">\n\t\t\t\t\t\t<div class=\"elementor-container elementor-column-gap-default\">\n\t\t\t\t\t\t\t<div class=\"elementor-row\">\n\t\t\t\t\t<div class=\"elementor-column elementor-col-100 elementor-top-column elementor-element elementor-element-f7f1abb\" data-id=\"f7f1abb\" data-element_type=\"column\">\n\t\t\t<div class=\"elementor-column-wrap\">\n\t\t\t\t\t\t\t<div class=\"elementor-widget-wrap\">\n\t\t\t\t\t\t\t\t<\/div>\n\t\t\t\t\t<\/div>\n\t\t<\/div>\n\t\t\t\t\t\t\t\t<\/div>\n\t\t\t\t\t<\/div>\n\t\t<\/section>\n\t\t\t\t<section class=\"elementor-section elementor-top-section elementor-element elementor-element-47304221 elementor-section-full_width elementor-section-height-min-height elementor-section-items-stretch elementor-reverse-mobile elementor-section-height-default\" data-id=\"47304221\" data-element_type=\"section\" data-settings=\"{&quot;background_background&quot;:&quot;classic&quot;}\">\n\t\t\t\t\t\t<div class=\"elementor-container elementor-column-gap-default\">\n\t\t\t\t\t\t\t<div class=\"elementor-row\">\n\t\t\t\t\t<div class=\"elementor-column elementor-col-50 elementor-top-column elementor-element elementor-element-2b56bf1e\" data-id=\"2b56bf1e\" data-element_type=\"column\" data-settings=\"{&quot;background_background&quot;:&quot;classic&quot;}\">\n\t\t\t<div class=\"elementor-column-wrap elementor-element-populated\">\n\t\t\t\t\t\t\t<div class=\"elementor-widget-wrap\">\n\t\t\t\t\t\t<div class=\"elementor-element elementor-element-ffe67bf elementor-widget elementor-widget-image\" data-id=\"ffe67bf\" data-element_type=\"widget\" data-widget_type=\"image.default\">\n\t\t\t\t<div class=\"elementor-widget-container\">\n\t\t\t\t\t\t\t\t<div class=\"elementor-image\">\n\t\t\t\t\t\t\t\t\t\t\t\t<img decoding=\"async\" width=\"2560\" height=\"1707\" src=\"https:\/\/beatrizcubero.es\/wp-content\/uploads\/2023\/01\/Bea-108-scaled.jpg\" class=\"attachment-full size-full wp-image-788\" alt=\"\" srcset=\"https:\/\/beatrizcubero.es\/wp-content\/uploads\/2023\/01\/Bea-108-scaled.jpg 2560w, https:\/\/beatrizcubero.es\/wp-content\/uploads\/2023\/01\/Bea-108-300x200.jpg 300w, https:\/\/beatrizcubero.es\/wp-content\/uploads\/2023\/01\/Bea-108-1024x683.jpg 1024w, https:\/\/beatrizcubero.es\/wp-content\/uploads\/2023\/01\/Bea-108-768x512.jpg 768w, https:\/\/beatrizcubero.es\/wp-content\/uploads\/2023\/01\/Bea-108-1536x1024.jpg 1536w, https:\/\/beatrizcubero.es\/wp-content\/uploads\/2023\/01\/Bea-108-2048x1365.jpg 2048w\" sizes=\"(max-width: 2560px) 100vw, 2560px\" \/>\t\t\t\t\t\t\t\t\t\t\t\t\t\t<\/div>\n\t\t\t\t\t\t<\/div>\n\t\t\t\t<\/div>\n\t\t\t\t\t\t<\/div>\n\t\t\t\t\t<\/div>\n\t\t<\/div>\n\t\t\t\t<div class=\"elementor-column elementor-col-50 elementor-top-column elementor-element elementor-element-2495760d\" data-id=\"2495760d\" data-element_type=\"column\">\n\t\t\t<div class=\"elementor-column-wrap elementor-element-populated\">\n\t\t\t\t\t\t\t<div class=\"elementor-widget-wrap\">\n\t\t\t\t\t\t<div class=\"elementor-element elementor-element-1b7480e2 elementor-widget elementor-widget-text-editor\" data-id=\"1b7480e2\" data-element_type=\"widget\" data-widget_type=\"text-editor.default\">\n\t\t\t\t<div class=\"elementor-widget-container\">\n\t\t\t\t\t\t\t\t<div class=\"elementor-text-editor elementor-clearfix\">\n\t\t\t\t<p>Nacida en Zaragoza (1998).<\/p>\n<p>Residiendo en Barcelona.<\/p>\n<p>Graduada en el Conservatorio Profesional de Danza de Zaragoza. Una vez acabado, me mud\u00e9 a Gerona donde segu\u00ed form\u00e1ndome en el programa de danza contempor\u00e1nea&nbsp;<a style=\"background-color: #ececec; font-size: 1rem;\" href=\"https:\/\/cobosmika.com\/\" target=\"_blank\" rel=\"noopener\">Cobosmika.<\/a><\/p>\n<p>Despu\u00e9s de un a\u00f1o vine a Barcelona donde fui integrante de una compa\u00f1\u00eda joven de danza contempor\u00e1nea&nbsp;<a style=\"background-color: #ececec; font-size: 1rem;\" href=\"https:\/\/www.fre3bodies.com\/\" target=\"_blank\" rel=\"noopener\">Fre3bodies<\/a>.<\/p>\n<p>Actualmente colaboro con diferentes compa\u00f1\u00edas con giras a nivel nacional e internacional.<\/p>\n<p>Directora, core\u00f3grafa e int\u00e9rprete de mi propia compa\u00f1\u00eda&nbsp;<a style=\"background-color: #ececec; font-size: 1rem;\" href=\"https:\/\/www.instagram.com\/du_entro\/\" target=\"_blank\" rel=\"noopener\">DU- ENTRO<\/a>.<\/p>\n<p><\/p>\n<p>MODELO Y BAILARINA<\/p>\n<p><\/p>\t\t\t\t\t<\/div>\n\t\t\t\t\t\t<\/div>\n\t\t\t\t<\/div>\n\t\t\t\t<div class=\"elementor-element elementor-element-72d9dbcf elementor-align-center elementor-mobile-align-center elementor-widget elementor-widget-button\" data-id=\"72d9dbcf\" data-element_type=\"widget\" data-widget_type=\"button.default\">\n\t\t\t\t<div class=\"elementor-widget-container\">\n\t\t\t\t\t<div class=\"elementor-button-wrapper\">\n\t\t\t<a href=\"http:\/\/beatrizcubero.es\/wp-content\/uploads\/2023\/02\/BEATRIZ-CUBERO-MATEO.-CV-.pdf\" class=\"elementor-button-link elementor-button elementor-size-xl\" role=\"button\">\n\t\t\t\t\t\t<span class=\"elementor-button-content-wrapper\">\n\t\t\t\t\t\t<span class=\"elementor-button-text\">Descarga CV<\/span>\n\t\t<\/span>\n\t\t\t\t\t<\/a>\n\t\t<\/div>\n\t\t\t\t<\/div>\n\t\t\t\t<\/div>\n\t\t\t\t\t\t<\/div>\n\t\t\t\t\t<\/div>\n\t\t<\/div>\n\t\t\t\t\t\t\t\t<\/div>\n\t\t\t\t\t<\/div>\n\t\t<\/section>\n\t\t\t\t<section class=\"elementor-section elementor-top-section elementor-element elementor-element-85b058f elementor-section-boxed elementor-section-height-default elementor-section-height-default\" data-id=\"85b058f\" data-element_type=\"section\">\n\t\t\t\t\t\t<div class=\"elementor-container elementor-column-gap-default\">\n\t\t\t\t\t\t\t<div class=\"elementor-row\">\n\t\t\t\t\t<div class=\"elementor-column elementor-col-50 elementor-top-column elementor-element elementor-element-ce4795f\" data-id=\"ce4795f\" data-element_type=\"column\">\n\t\t\t<div class=\"elementor-column-wrap elementor-element-populated\">\n\t\t\t\t\t\t\t<div class=\"elementor-widget-wrap\">\n\t\t\t\t\t\t<div class=\"elementor-element elementor-element-d2cf56f elementor-widget elementor-widget-heading\" data-id=\"d2cf56f\" data-element_type=\"widget\" data-widget_type=\"heading.default\">\n\t\t\t\t<div class=\"elementor-widget-container\">\n\t\t\t<h2 class=\"elementor-heading-title elementor-size-default\"><a href=\"https:\/\/beatrizcubero.es\/en\/\">BEATRIZ<br>CUBERO<\/a><\/h2>\t\t<\/div>\n\t\t\t\t<\/div>\n\t\t\t\t\t\t<\/div>\n\t\t\t\t\t<\/div>\n\t\t<\/div>\n\t\t\t\t<div class=\"elementor-column elementor-col-50 elementor-top-column elementor-element elementor-element-1e9aea4\" data-id=\"1e9aea4\" data-element_type=\"column\">\n\t\t\t<div class=\"elementor-column-wrap elementor-element-populated\">\n\t\t\t\t\t\t\t<div class=\"elementor-widget-wrap\">\n\t\t\t\t\t\t<div class=\"elementor-element elementor-element-d99788a elementor-widget elementor-widget-heading\" data-id=\"d99788a\" data-element_type=\"widget\" data-widget_type=\"heading.default\">\n\t\t\t\t<div class=\"elementor-widget-container\">\n\t\t\t<h2 class=\"elementor-heading-title elementor-size-default\">MENU<\/h2>\t\t<\/div>\n\t\t\t\t<\/div>\n\t\t\t\t\t\t<\/div>\n\t\t\t\t\t<\/div>\n\t\t<\/div>\n\t\t\t\t\t\t\t\t<\/div>\n\t\t\t\t\t<\/div>\n\t\t<\/section>\n\t\t\t\t\t\t\t\t\t<\/div>\n\t\t\t<\/div>\n\t\t\t\t\t<\/div>","protected":false},"excerpt":{"rendered":"<p>BEATRIZ CUBERO MENU Nacida en Zaragoza (1998). Residiendo en Barcelona. Graduada en el Conservatorio Profesional de Danza de Zaragoza. Una vez acabado, me mud\u00e9 a Gerona donde segu\u00ed form\u00e1ndome en el programa de danza contempor\u00e1nea&nbsp;Cobosmika. Despu\u00e9s de un a\u00f1o vine a Barcelona donde fui integrante de una compa\u00f1\u00eda joven de danza contempor\u00e1nea&nbsp;Fre3bodies. Actualmente colaboro con [&hellip;]<\/p>","protected":false},"author":1,"featured_media":0,"parent":0,"menu_order":0,"comment_status":"closed","ping_status":"closed","template":"elementor_header_footer","meta":[],"_links":{"self":[{"href":"https:\/\/beatrizcubero.es\/en\/wp-json\/wp\/v2\/pages\/258"}],"collection":[{"href":"https:\/\/beatrizcubero.es\/en\/wp-json\/wp\/v2\/pages"}],"about":[{"href":"https:\/\/beatrizcubero.es\/en\/wp-json\/wp\/v2\/types\/page"}],"author":[{"embeddable":true,"href":"https:\/\/beatrizcubero.es\/en\/wp-json\/wp\/v2\/users\/1"}],"replies":[{"embeddable":true,"href":"https:\/\/beatrizcubero.es\/en\/wp-json\/wp\/v2\/comments?post=258"}],"version-history":[{"count":50,"href":"https:\/\/beatrizcubero.es\/en\/wp-json\/wp\/v2\/pages\/258\/revisions"}],"predecessor-version":[{"id":997,"href":"https:\/\/beatrizcubero.es\/en\/wp-json\/wp\/v2\/pages\/258\/revisions\/997"}],"wp:attachment":[{"href":"https:\/\/beatrizcubero.es\/en\/wp-json\/wp\/v2\/media?parent=258"}],"curies":[{"name":"wp","href":"https:\/\/api.w.org\/{rel}","templated":true}]}}